{"id":266,"date":"2024-07-29T15:46:56","date_gmt":"2024-07-29T06:46:56","guid":{"rendered":"https:\/\/g-smartfuture.com\/?page_id=266"},"modified":"2024-08-14T11:07:50","modified_gmt":"2024-08-14T02:07:50","slug":"soc-trang-wind-power","status":"publish","type":"page","link":"https:\/\/g-smartfuture.com\/?page_id=266","title":{"rendered":"Soc Trang Wind Power"},"content":{"rendered":"\t\t<div data-elementor-type=\"wp-post\" data-elementor-id=\"266\" class=\"elementor elementor-266\">\n\t\t\t\t<div class=\"elementor-element elementor-element-9322a83 e-flex e-con-boxed e-con e-parent\" data-id=\"9322a83\" data-element_type=\"container\" data-e-type=\"container\">\n\t\t\t\t\t<div class=\"e-con-inner\">\n\t\t\t\t<div class=\"elementor-element elementor-element-b7c62f3 elementor-widget elementor-widget-heading\" data-id=\"b7c62f3\" data-element_type=\"widget\" data-e-type=\"widget\" data-widget_type=\"heading.default\">\n\t\t\t\t<div class=\"elementor-widget-container\">\n\t\t\t\t\t<h2 class=\"elementor-heading-title elementor-size-default\">Soc Trang 99MW Wind Power Project<\/h2>\t\t\t\t<\/div>\n\t\t\t\t<\/div>\n\t\t\t\t<div class=\"elementor-element elementor-element-de98934 elementor-widget elementor-widget-text-editor\" data-id=\"de98934\" data-element_type=\"widget\" data-e-type=\"widget\" data-widget_type=\"text-editor.default\">\n\t\t\t\t<div class=\"elementor-widget-container\">\n\t\t\t\t\t\t\t\t\t<h3>\n<p class=\"MsoNormal\" style=\"mso-margin-top-alt:auto;mso-margin-bottom-alt:auto; line-height:normal;mso-outline-level:3\"><b><span style=\"font-size:13.5pt; font-family:&quot;Times New Roman&quot;,serif;mso-fareast-font-family:&quot;Times New Roman&quot;; mso-fareast-language:JA\">Ph\u00fa Th\u00e0nh S\u00f3c Tr\u0103ng 99MW Wind Power Project Plan<o:p><\/o:p><\/span><\/b><\/p>\n<p class=\"MsoNormal\" style=\"mso-margin-top-alt:auto;mso-margin-bottom-alt:auto; line-height:normal;mso-outline-level:4\"><b><span style=\"font-size:12.0pt; font-family:&quot;Times New Roman&quot;,serif;mso-fareast-font-family:&quot;Times New Roman&quot;; mso-fareast-language:JA\">1. Project Overview<o:p><\/o:p><\/span><\/b><\/p>\n<p class=\"MsoNormal\" style=\"mso-margin-top-alt:auto;mso-margin-bottom-alt:auto; line-height:normal\"><span style=\"font-size:12.0pt;font-family:&quot;Times New Roman&quot;,serif; mso-fareast-font-family:&quot;Times New Roman&quot;;mso-fareast-language:JA\">1.1 <b>Project<br>Name:<\/b><br>Ph\u00fa Th\u00e0nh S\u00f3c Tr\u0103ng 99MW Wind Power Project<o:p><\/o:p><\/span><\/p>\n<p class=\"MsoNormal\" style=\"mso-margin-top-alt:auto;mso-margin-bottom-alt:auto; line-height:normal\"><span style=\"font-size:12.0pt;font-family:&quot;Times New Roman&quot;,serif; mso-fareast-font-family:&quot;Times New Roman&quot;;mso-fareast-language:JA\">1.2 <b>Project<br>Location:<\/b><o:p><\/o:p><\/span><\/p>\n<ul type=\"disc\">\n<li class=\"MsoNormal\" style=\"mso-margin-top-alt:auto;mso-margin-bottom-alt:auto; line-height:normal;mso-list:l0 level1 lfo1;tab-stops:list .5in\"><b><span style=\"font-size:12.0pt;font-family:&quot;Times New Roman&quot;,serif;mso-fareast-font-family: &quot;Times New Roman&quot;;mso-fareast-language:JA\">Onshore:<\/span><\/b><span style=\"font-size:12.0pt;font-family:&quot;Times New Roman&quot;,serif;mso-fareast-font-family: &quot;Times New Roman&quot;;mso-fareast-language:JA\"> Ap My Thanh, Vinh Hai Commune,&nbsp;Vinh Chau Town, S\u00f3c Tr\u0103ng Province, Vietnam<o:p><\/o:p><\/span><\/li>\n<li class=\"MsoNormal\" style=\"mso-margin-top-alt:auto;mso-margin-bottom-alt:auto; line-height:normal;mso-list:l0 level1 lfo1;tab-stops:list .5in\"><b><span style=\"font-size:12.0pt;font-family:&quot;Times New Roman&quot;,serif;mso-fareast-font-family: &quot;Times New Roman&quot;;mso-fareast-language:JA\">Offshore:<\/span><\/b><span style=\"font-size:12.0pt;font-family:&quot;Times New Roman&quot;,serif;mso-fareast-font-family: &quot;Times New Roman&quot;;mso-fareast-language:JA\"> Adjacent sea area in Vinh Hai&nbsp;Commune, Soc Trang Province<o:p><\/o:p><\/span><\/li>\n<\/ul>\n<p class=\"MsoNormal\" style=\"mso-margin-top-alt:auto;mso-margin-bottom-alt:auto; line-height:normal\"><span style=\"font-size:12.0pt;font-family:&quot;Times New Roman&quot;,serif; mso-fareast-font-family:&quot;Times New Roman&quot;;mso-fareast-language:JA\">1.3 <b>Project&nbsp;Summary:<\/b><br>The Ph\u00fa Th\u00e0nh S\u00f3c Tr\u0103ng 99MW Wind Power Project aims to support Vietnam\u2019s&nbsp;renewable energy goals by generating clean energy to meet local power demands.<br>The project is strategically positioned in both onshore and offshore locations&nbsp;within Vinh Hai Commune, covering a total area of 2,000 hectares. The project&nbsp;is divided into:<o:p><\/o:p><\/span><\/p>\n<ul type=\"disc\">\n<li class=\"MsoNormal\" style=\"mso-margin-top-alt:auto;mso-margin-bottom-alt:auto; line-height:normal;mso-list:l1 level1 lfo2;tab-stops:list .5in\"><b><span style=\"font-size:12.0pt;font-family:&quot;Times New Roman&quot;,serif;mso-fareast-font-family: &quot;Times New Roman&quot;;mso-fareast-language:JA\">Onshore Area:<\/span><\/b><span style=\"font-size:12.0pt;font-family:&quot;Times New Roman&quot;,serif;mso-fareast-font-family: &quot;Times New Roman&quot;;mso-fareast-language:JA\"> 295 hectares of land that has&nbsp;been secured by Phu Thanh Company Limited.<o:p><\/o:p><\/span><\/li>\n<li class=\"MsoNormal\" style=\"mso-margin-top-alt:auto;mso-margin-bottom-alt:auto; line-height:normal;mso-list:l1 level1 lfo2;tab-stops:list .5in\"><b><span style=\"font-size:12.0pt;font-family:&quot;Times New Roman&quot;,serif;mso-fareast-font-family: &quot;Times New Roman&quot;;mso-fareast-language:JA\">Offshore Area:<\/span><\/b><span style=\"font-size:12.0pt;font-family:&quot;Times New Roman&quot;,serif;mso-fareast-font-family: &quot;Times New Roman&quot;;mso-fareast-language:JA\"> 1,705 hectares of sea area&nbsp;adjacent to the onshore site.<o:p><\/o:p><\/span><\/li>\n<\/ul>\n<p class=\"MsoNormal\" style=\"mso-margin-top-alt:auto;mso-margin-bottom-alt:auto; line-height:normal\"><span style=\"font-size:12.0pt;font-family:&quot;Times New Roman&quot;,serif; mso-fareast-font-family:&quot;Times New Roman&quot;;mso-fareast-language:JA\">This&nbsp;division allows the project to optimize wind energy production by utilizing&nbsp;both land and sea resources.<o:p><\/o:p><\/span><\/p>\n<p class=\"MsoNormal\" style=\"mso-margin-top-alt:auto;mso-margin-bottom-alt:auto; line-height:normal;mso-outline-level:4\"><b><span style=\"font-size:12.0pt; font-family:&quot;Times New Roman&quot;,serif;mso-fareast-font-family:&quot;Times New Roman&quot;; mso-fareast-language:JA\">1.4 Key Figures Summary Table<o:p><\/o:p><\/span><\/b><\/p>\n<table class=\"MsoNormalTable\" border=\"0\" cellspacing=\"3\" cellpadding=\"0\">\n<thead>\n<tr>\n<td style=\"padding:.75pt .75pt .75pt .75pt\">\n<p class=\"MsoNormal\" align=\"center\" style=\"margin-bottom:0in;margin-bottom:.0001pt; text-align:center;line-height:normal\"><b><span style=\"font-size:12.0pt; font-family:&quot;Times New Roman&quot;,serif;mso-fareast-font-family:&quot;Times New Roman&quot;; mso-fareast-language:JA\">Aspect<o:p><\/o:p><\/span><\/b><\/p>\n<\/td>\n<td style=\"padding:.75pt .75pt .75pt .75pt\">\n<p class=\"MsoNormal\" align=\"center\" style=\"margin-bottom:0in;margin-bottom:.0001pt; text-align:center;line-height:normal\"><b><span style=\"font-size:12.0pt; font-family:&quot;Times New Roman&quot;,serif;mso-fareast-font-family:&quot;Times New Roman&quot;; mso-fareast-language:JA\">Details<o:p><\/o:p><\/span><\/b><\/p>\n<\/td>\n<\/tr>\n<\/thead>\n<tbody>\n<tr>\n<td style=\"padding:.75pt .75pt .75pt .75pt\">\n<p class=\"MsoNormal\" style=\"margin-bottom:0in;margin-bottom:.0001pt;line-height: normal\"><b><span style=\"font-size:12.0pt;font-family:&quot;Times New Roman&quot;,serif; mso-fareast-font-family:&quot;Times New Roman&quot;;mso-fareast-language:JA\">Total&nbsp;Project Area<\/span><\/b><span style=\"font-size:12.0pt;font-family:&quot;Times New Roman&quot;,serif; mso-fareast-font-family:&quot;Times New Roman&quot;;mso-fareast-language:JA\"><o:p><\/o:p><\/span><\/p>\n<\/td>\n<td style=\"padding:.75pt .75pt .75pt .75pt\">\n<p class=\"MsoNormal\" style=\"margin-bottom:0in;margin-bottom:.0001pt;line-height: normal\"><span style=\"font-size:12.0pt;font-family:&quot;Times New Roman&quot;,serif; mso-fareast-font-family:&quot;Times New Roman&quot;;mso-fareast-language:JA\">2,000&nbsp;hectares<o:p><\/o:p><\/span><\/p>\n<\/td>\n<\/tr>\n<tr>\n<td style=\"padding:.75pt .75pt .75pt .75pt\">\n<p class=\"MsoNormal\" style=\"margin-bottom:0in;margin-bottom:.0001pt;line-height: normal\"><b><span style=\"font-size:12.0pt;font-family:&quot;Times New Roman&quot;,serif; mso-fareast-font-family:&quot;Times New Roman&quot;;mso-fareast-language:JA\">Onshore&nbsp;Area<\/span><\/b><span style=\"font-size:12.0pt;font-family:&quot;Times New Roman&quot;,serif; mso-fareast-font-family:&quot;Times New Roman&quot;;mso-fareast-language:JA\"><o:p><\/o:p><\/span><\/p>\n<\/td>\n<td style=\"padding:.75pt .75pt .75pt .75pt\">\n<p class=\"MsoNormal\" style=\"margin-bottom:0in;margin-bottom:.0001pt;line-height: normal\"><span style=\"font-size:12.0pt;font-family:&quot;Times New Roman&quot;,serif; mso-fareast-font-family:&quot;Times New Roman&quot;;mso-fareast-language:JA\">295&nbsp;hectares<o:p><\/o:p><\/span><\/p>\n<\/td>\n<\/tr>\n<tr>\n<td style=\"padding:.75pt .75pt .75pt .75pt\">\n<p class=\"MsoNormal\" style=\"margin-bottom:0in;margin-bottom:.0001pt;line-height: normal\"><b><span style=\"font-size:12.0pt;font-family:&quot;Times New Roman&quot;,serif; mso-fareast-font-family:&quot;Times New Roman&quot;;mso-fareast-language:JA\">Offshore&nbsp;Area<\/span><\/b><span style=\"font-size:12.0pt;font-family:&quot;Times New Roman&quot;,serif; mso-fareast-font-family:&quot;Times New Roman&quot;;mso-fareast-language:JA\"><o:p><\/o:p><\/span><\/p>\n<\/td>\n<td style=\"padding:.75pt .75pt .75pt .75pt\">\n<p class=\"MsoNormal\" style=\"margin-bottom:0in;margin-bottom:.0001pt;line-height: normal\"><span style=\"font-size:12.0pt;font-family:&quot;Times New Roman&quot;,serif; mso-fareast-font-family:&quot;Times New Roman&quot;;mso-fareast-language:JA\">1,705&nbsp;hectares<o:p><\/o:p><\/span><\/p>\n<\/td>\n<\/tr>\n<tr>\n<td style=\"padding:.75pt .75pt .75pt .75pt\">\n<p class=\"MsoNormal\" style=\"margin-bottom:0in;margin-bottom:.0001pt;line-height: normal\"><b><span style=\"font-size:12.0pt;font-family:&quot;Times New Roman&quot;,serif; mso-fareast-font-family:&quot;Times New Roman&quot;;mso-fareast-language:JA\">Total&nbsp;Capacity<\/span><\/b><span style=\"font-size:12.0pt;font-family:&quot;Times New Roman&quot;,serif; mso-fareast-font-family:&quot;Times New Roman&quot;;mso-fareast-language:JA\"><o:p><\/o:p><\/span><\/p>\n<\/td>\n<td style=\"padding:.75pt .75pt .75pt .75pt\">\n<p class=\"MsoNormal\" style=\"margin-bottom:0in;margin-bottom:.0001pt;line-height: normal\"><span style=\"font-size:12.0pt;font-family:&quot;Times New Roman&quot;,serif; mso-fareast-font-family:&quot;Times New Roman&quot;;mso-fareast-language:JA\">99MW<o:p><\/o:p><\/span><\/p>\n<\/td>\n<\/tr>\n<tr>\n<td style=\"padding:.75pt .75pt .75pt .75pt\">\n<p class=\"MsoNormal\" style=\"margin-bottom:0in;margin-bottom:.0001pt;line-height: normal\"><b><span style=\"font-size:12.0pt;font-family:&quot;Times New Roman&quot;,serif; mso-fareast-font-family:&quot;Times New Roman&quot;;mso-fareast-language:JA\">Number of&nbsp;Turbines<\/span><\/b><span style=\"font-size:12.0pt;font-family:&quot;Times New Roman&quot;,serif; mso-fareast-font-family:&quot;Times New Roman&quot;;mso-fareast-language:JA\"><o:p><\/o:p><\/span><\/p>\n<\/td>\n<td style=\"padding:.75pt .75pt .75pt .75pt\">\n<p class=\"MsoNormal\" style=\"margin-bottom:0in;margin-bottom:.0001pt;line-height: normal\"><span style=\"font-size:12.0pt;font-family:&quot;Times New Roman&quot;,serif; mso-fareast-font-family:&quot;Times New Roman&quot;;mso-fareast-language:JA\">22 (GWH182&nbsp;Model)<o:p><\/o:p><\/span><\/p>\n<\/td>\n<\/tr>\n<tr>\n<td style=\"padding:.75pt .75pt .75pt .75pt\">\n<p class=\"MsoNormal\" style=\"margin-bottom:0in;margin-bottom:.0001pt;line-height: normal\"><b><span style=\"font-size:12.0pt;font-family:&quot;Times New Roman&quot;,serif; mso-fareast-font-family:&quot;Times New Roman&quot;;mso-fareast-language:JA\">Average&nbsp;Wind Speed<\/span><\/b><span style=\"font-size:12.0pt;font-family:&quot;Times New Roman&quot;,serif; mso-fareast-font-family:&quot;Times New Roman&quot;;mso-fareast-language:JA\"><o:p><\/o:p><\/span><\/p>\n<\/td>\n<td style=\"padding:.75pt .75pt .75pt .75pt\">\n<p class=\"MsoNormal\" style=\"margin-bottom:0in;margin-bottom:.0001pt;line-height: normal\"><span style=\"font-size:12.0pt;font-family:&quot;Times New Roman&quot;,serif; mso-fareast-font-family:&quot;Times New Roman&quot;;mso-fareast-language:JA\">6.7 to 7.2&nbsp;m\/s (measured at 120 meters)<o:p><\/o:p><\/span><\/p>\n<\/td>\n<\/tr>\n<tr>\n<td style=\"padding:.75pt .75pt .75pt .75pt\">\n<p class=\"MsoNormal\" style=\"margin-bottom:0in;margin-bottom:.0001pt;line-height: normal\"><b><span style=\"font-size:12.0pt;font-family:&quot;Times New Roman&quot;,serif; mso-fareast-font-family:&quot;Times New Roman&quot;;mso-fareast-language:JA\">Estimated&nbsp;Annual Energy Output<\/span><\/b><span style=\"font-size:12.0pt;font-family: &quot;Times New Roman&quot;,serif;mso-fareast-font-family:&quot;Times New Roman&quot;;mso-fareast-language: JA\"><o:p><\/o:p><\/span><\/p>\n<\/td>\n<td style=\"padding:.75pt .75pt .75pt .75pt\">\n<p class=\"MsoNormal\" style=\"margin-bottom:0in;margin-bottom:.0001pt;line-height: normal\"><span style=\"font-size:12.0pt;font-family:&quot;Times New Roman&quot;,serif; mso-fareast-font-family:&quot;Times New Roman&quot;;mso-fareast-language:JA\">336,000&nbsp;MWh<o:p><\/o:p><\/span><\/p>\n<\/td>\n<\/tr>\n<tr>\n<td style=\"padding:.75pt .75pt .75pt .75pt\">\n<p class=\"MsoNormal\" style=\"margin-bottom:0in;margin-bottom:.0001pt;line-height: normal\"><b><span style=\"font-size:12.0pt;font-family:&quot;Times New Roman&quot;,serif; mso-fareast-font-family:&quot;Times New Roman&quot;;mso-fareast-language:JA\">Initial&nbsp;Investment Cost<\/span><\/b><span style=\"font-size:12.0pt;font-family:&quot;Times New Roman&quot;,serif; mso-fareast-font-family:&quot;Times New Roman&quot;;mso-fareast-language:JA\"><o:p><\/o:p><\/span><\/p>\n<\/td>\n<td style=\"padding:.75pt .75pt .75pt .75pt\">\n<p class=\"MsoNormal\" style=\"margin-bottom:0in;margin-bottom:.0001pt;line-height: normal\"><span style=\"font-size:12.0pt;font-family:&quot;Times New Roman&quot;,serif; mso-fareast-font-family:&quot;Times New Roman&quot;;mso-fareast-language:JA\">$165&nbsp;million<o:p><\/o:p><\/span><\/p>\n<\/td>\n<\/tr>\n<tr>\n<td style=\"padding:.75pt .75pt .75pt .75pt\">\n<p class=\"MsoNormal\" style=\"margin-bottom:0in;margin-bottom:.0001pt;line-height: normal\"><b><span style=\"font-size:12.0pt;font-family:&quot;Times New Roman&quot;,serif; mso-fareast-font-family:&quot;Times New Roman&quot;;mso-fareast-language:JA\">Annual&nbsp;Revenue (Estimated)<\/span><\/b><span style=\"font-size:12.0pt;font-family:&quot;Times New Roman&quot;,serif; mso-fareast-font-family:&quot;Times New Roman&quot;;mso-fareast-language:JA\"><o:p><\/o:p><\/span><\/p>\n<\/td>\n<td style=\"padding:.75pt .75pt .75pt .75pt\">\n<p class=\"MsoNormal\" style=\"margin-bottom:0in;margin-bottom:.0001pt;line-height: normal\"><span style=\"font-size:12.0pt;font-family:&quot;Times New Roman&quot;,serif; mso-fareast-font-family:&quot;Times New Roman&quot;;mso-fareast-language:JA\">$23.52&nbsp;million<o:p><\/o:p><\/span><\/p>\n<\/td>\n<\/tr>\n<tr>\n<td style=\"padding:.75pt .75pt .75pt .75pt\">\n<p class=\"MsoNormal\" style=\"margin-bottom:0in;margin-bottom:.0001pt;line-height: normal\"><b><span style=\"font-size:12.0pt;font-family:&quot;Times New Roman&quot;,serif; mso-fareast-font-family:&quot;Times New Roman&quot;;mso-fareast-language:JA\">Feed-in&nbsp;Tariff (FIT)<\/span><\/b><span style=\"font-size:12.0pt;font-family:&quot;Times New Roman&quot;,serif; mso-fareast-font-family:&quot;Times New Roman&quot;;mso-fareast-language:JA\"><o:p><\/o:p><\/span><\/p>\n<\/td>\n<td style=\"padding:.75pt .75pt .75pt .75pt\">\n<p class=\"MsoNormal\" style=\"margin-bottom:0in;margin-bottom:.0001pt;line-height: normal\"><span style=\"font-size:12.0pt;font-family:&quot;Times New Roman&quot;,serif; mso-fareast-font-family:&quot;Times New Roman&quot;;mso-fareast-language:JA\">$0.07 per&nbsp;kWh<o:p><\/o:p><\/span><\/p>\n<\/td>\n<\/tr>\n<tr>\n<td style=\"padding:.75pt .75pt .75pt .75pt\">\n<p class=\"MsoNormal\" style=\"margin-bottom:0in;margin-bottom:.0001pt;line-height: normal\"><b><span style=\"font-size:12.0pt;font-family:&quot;Times New Roman&quot;,serif; mso-fareast-font-family:&quot;Times New Roman&quot;;mso-fareast-language:JA\">Internal&nbsp;Rate of Return (IRR)<\/span><\/b><span style=\"font-size:12.0pt;font-family: &quot;Times New Roman&quot;,serif;mso-fareast-font-family:&quot;Times New Roman&quot;;mso-fareast-language: JA\"><o:p><\/o:p><\/span><\/p>\n<\/td>\n<td style=\"padding:.75pt .75pt .75pt .75pt\">\n<p class=\"MsoNormal\" style=\"margin-bottom:0in;margin-bottom:.0001pt;line-height: normal\"><span style=\"font-size:12.0pt;font-family:&quot;Times New Roman&quot;,serif; mso-fareast-font-family:&quot;Times New Roman&quot;;mso-fareast-language:JA\">11.95%<o:p><\/o:p><\/span><\/p>\n<\/td>\n<\/tr>\n<tr>\n<td style=\"padding:.75pt .75pt .75pt .75pt\">\n<p class=\"MsoNormal\" style=\"margin-bottom:0in;margin-bottom:.0001pt;line-height: normal\"><b><span style=\"font-size:12.0pt;font-family:&quot;Times New Roman&quot;,serif; mso-fareast-font-family:&quot;Times New Roman&quot;;mso-fareast-language:JA\">Payback&nbsp;Period<\/span><\/b><span style=\"font-size:12.0pt;font-family:&quot;Times New Roman&quot;,serif; mso-fareast-font-family:&quot;Times New Roman&quot;;mso-fareast-language:JA\"><o:p><\/o:p><\/span><\/p>\n<\/td>\n<td style=\"padding:.75pt .75pt .75pt .75pt\">\n<p class=\"MsoNormal\" style=\"margin-bottom:0in;margin-bottom:.0001pt;line-height: normal\"><span style=\"font-size:12.0pt;font-family:&quot;Times New Roman&quot;,serif; mso-fareast-font-family:&quot;Times New Roman&quot;;mso-fareast-language:JA\">7-8 years<o:p><\/o:p><\/span><\/p>\n<\/td>\n<\/tr>\n<\/tbody>\n<\/table>\n<p class=\"MsoNormal\"><o:p>&nbsp;<\/o:p><\/p>\n<\/h3>\t\t\t\t\t\t\t\t<\/div>\n\t\t\t\t<\/div>\n\t\t\t\t\t<\/div>\n\t\t\t\t<\/div>\n\t\t\t\t<\/div>\n\t\t","protected":false},"excerpt":{"rendered":"<p>Soc Trang 99MW Wind Power Project Ph\u00fa Th\u00e0nh S\u00f3c Tr\u0103ng 99MW Wind Power Project Plan 1. Project Overview 1.1 ProjectName:Ph\u00fa Th\u00e0nh S\u00f3c Tr\u0103ng 99MW Wind Power Project 1.2 ProjectLocation: Onshore: Ap My Thanh, Vinh Hai Commune,&nbsp;Vinh Chau Town, S\u00f3c Tr\u0103ng Province, Vietnam Offshore: Adjacent sea area in Vinh Hai&nbsp;Commune, Soc Trang Province 1.3 Project&nbsp;Summary:The Ph\u00fa &hellip; <\/p>\n<p class=\"link-more\"><a href=\"https:\/\/g-smartfuture.com\/?page_id=266\" class=\"more-link\">Read more<span class=\"screen-reader-text\"> &#8220;Soc Trang Wind Power&#8221;<\/span><\/a><\/p>\n","protected":false},"author":2,"featured_media":0,"parent":0,"menu_order":0,"comment_status":"closed","ping_status":"closed","template":"","meta":{"_bbp_topic_count":0,"_bbp_reply_count":0,"_bbp_total_topic_count":0,"_bbp_total_reply_count":0,"_bbp_voice_count":0,"_bbp_anonymous_reply_count":0,"_bbp_topic_count_hidden":0,"_bbp_reply_count_hidden":0,"_bbp_forum_subforum_count":0,"footnotes":""},"class_list":["post-266","page","type-page","status-publish","hentry"],"_links":{"self":[{"href":"https:\/\/g-smartfuture.com\/index.php?rest_route=\/wp\/v2\/pages\/266","targetHints":{"allow":["GET"]}}],"collection":[{"href":"https:\/\/g-smartfuture.com\/index.php?rest_route=\/wp\/v2\/pages"}],"about":[{"href":"https:\/\/g-smartfuture.com\/index.php?rest_route=\/wp\/v2\/types\/page"}],"author":[{"embeddable":true,"href":"https:\/\/g-smartfuture.com\/index.php?rest_route=\/wp\/v2\/users\/2"}],"replies":[{"embeddable":true,"href":"https:\/\/g-smartfuture.com\/index.php?rest_route=%2Fwp%2Fv2%2Fcomments&post=266"}],"version-history":[{"count":16,"href":"https:\/\/g-smartfuture.com\/index.php?rest_route=\/wp\/v2\/pages\/266\/revisions"}],"predecessor-version":[{"id":809,"href":"https:\/\/g-smartfuture.com\/index.php?rest_route=\/wp\/v2\/pages\/266\/revisions\/809"}],"wp:attachment":[{"href":"https:\/\/g-smartfuture.com\/index.php?rest_route=%2Fwp%2Fv2%2Fmedia&parent=266"}],"curies":[{"name":"wp","href":"https:\/\/api.w.org\/{rel}","templated":true}]}}